{"id":3956,"date":"2025-11-25T16:28:57","date_gmt":"2025-11-25T15:28:57","guid":{"rendered":"https:\/\/www.zeichenzirkelpirna.de\/?page_id=3956"},"modified":"2025-12-04T13:33:32","modified_gmt":"2025-12-04T12:33:32","slug":"aktuelles","status":"publish","type":"page","link":"https:\/\/www.zeichenzirkelpirna.de\/index.php\/aktuelles\/","title":{"rendered":"Aktuelles"},"content":{"rendered":"\n<p><\/p>\n\n\n\n<p><strong>VORSCHAU<\/strong><\/p>\n\n\n\n<p>Mit dem Gr\u00fcndungsjahr der Gruppe im Jahr 1966 begehen wir 2026 das 60j\u00e4hrige Jubil\u00e4um. Die Vereinsmitglieder machen sich um diesen Termin schon Gedanken und eine Idee wird garantiert umgesetzt:&nbsp; Eine Ausstellung zu diesem Anlass im Kuratorium Altstadt Pirna als R\u00fcckblick auf die letzten Projekte des Vereins.<br>Mit gro\u00dfer Freude haben wir auch schon eine Finanzierung f\u00fcr einen Katalog und die Einladung erhalten. Alleiniger Sponsor dieser Druckerzeugnisse ist die \u201eOsts\u00e4chsische Sparkasse Dresden\u201c und deren Abteilung \u201eGesellschaftliches Engagement\u201c.<br>Vielen Dank an dieser Stelle!!! F\u00fcr das Vertrauen und die finanzielle Hilfe!!!<\/p>\n","protected":false},"excerpt":{"rendered":"<p>VORSCHAU Mit dem Gr\u00fcndungsjahr der Gruppe im Jahr 1966 begehen wir 2026 das 60j\u00e4hrige Jubil\u00e4um. Die Vereinsmitglieder machen sich um diesen Termin schon Gedanken und eine Idee wird garantiert umgesetzt:&nbsp; Eine Ausstellung zu diesem Anlass im Kuratorium Altstadt Pirna als R\u00fcckblick auf die letzten Projekte des Vereins.Mit gro\u00dfer Freude haben wir auch schon eine Finanzierung [&hellip;]<\/p>\n","protected":false},"author":3,"featured_media":0,"parent":0,"menu_order":0,"comment_status":"closed","ping_status":"closed","template":"","meta":{"footnotes":""},"class_list":["post-3956","page","type-page","status-publish","hentry"],"blocksy_meta":[],"_links":{"self":[{"href":"https:\/\/www.zeichenzirkelpirna.de\/index.php\/wp-json\/wp\/v2\/pages\/3956","targetHints":{"allow":["GET"]}}],"collection":[{"href":"https:\/\/www.zeichenzirkelpirna.de\/index.php\/wp-json\/wp\/v2\/pages"}],"about":[{"href":"https:\/\/www.zeichenzirkelpirna.de\/index.php\/wp-json\/wp\/v2\/types\/page"}],"author":[{"embeddable":true,"href":"https:\/\/www.zeichenzirkelpirna.de\/index.php\/wp-json\/wp\/v2\/users\/3"}],"replies":[{"embeddable":true,"href":"https:\/\/www.zeichenzirkelpirna.de\/index.php\/wp-json\/wp\/v2\/comments?post=3956"}],"version-history":[{"count":2,"href":"https:\/\/www.zeichenzirkelpirna.de\/index.php\/wp-json\/wp\/v2\/pages\/3956\/revisions"}],"predecessor-version":[{"id":3980,"href":"https:\/\/www.zeichenzirkelpirna.de\/index.php\/wp-json\/wp\/v2\/pages\/3956\/revisions\/3980"}],"wp:attachment":[{"href":"https:\/\/www.zeichenzirkelpirna.de\/index.php\/wp-json\/wp\/v2\/media?parent=3956"}],"curies":[{"name":"wp","href":"https:\/\/api.w.org\/{rel}","templated":true}]}}